{"id":325,"date":"2021-01-07T22:13:34","date_gmt":"2021-01-07T21:13:34","guid":{"rendered":"https:\/\/www.aviam-paca.org\/?page_id=325"},"modified":"2021-01-07T22:13:34","modified_gmt":"2021-01-07T21:13:34","slug":"mention-legales","status":"publish","type":"page","link":"https:\/\/www.aviam-paca.org\/index.php\/mention-legales\/","title":{"rendered":"Mention Legales"},"content":{"rendered":"<div id=\"1624336098\" class=\"u_1624336098 dmNewParagraph\" data-dmtmpl=\"true\" data-uialign=\"center\" data-editor-state=\"closed\">\n<div>\n<p>MENTIONS LEGALES du site Association d&rsquo;Aide aux Victimes d accidents m\u00e9dicaux<br \/>\nCe site est \u00e9dit\u00e9 par :<\/p>\n<p>AVIAM ASSOC AIDE VICTIMES ACTES MED<br \/>\nCapital :<br \/>\nAdresse :<\/p>\n<p>ROUTE DES GORGES 07700 ST MARTIN D ARDECHE FRANCE<br \/>\nAdresse \u00e9lectronique :<\/p>\n<p>pver@orange.fr<br \/>\nT\u00e9l\u00e9phone :<\/p>\n<p>04 75 98 75 04<br \/>\nN\u00b0 Registre du Commerce ou R\u00e9pertoire des m\u00e9tiers :<br \/>\nN\u00b0 SIRET de l\u2019\u00e9tablissement :<br \/>\nN\u00b0 d\u2019assujettissement \u00e0 la TVA :<br \/>\nTitre professionnel\u2013Autorisation :<br \/>\nR\u00e9f\u00e9rence aux r\u00e8gles professionnelles applicables :<br \/>\nQualit\u00e9 de locataire g\u00e9rant ou g\u00e9rant mandataire :<br \/>\nMentions l\u00e9gales sp\u00e9cifiques :<br \/>\n[Mentions l\u00e9gales sp\u00e9cifiques]<br \/>\nDirecteur de r\u00e9daction et de publication :<\/p>\n<p>AVIAM ASSOC AIDE VICTIMES ACTES MED<br \/>\nCe site a \u00e9t\u00e9 con\u00e7u et r\u00e9alis\u00e9 par Solocal<\/p>\n<p>Son h\u00e9bergement est assur\u00e9 par Amazon Web Services, dans un centre de donn\u00e9es europ\u00e9en situ\u00e9 \u00e0 Francfort en Allemagne.<\/p>\n<\/div>\n<\/div>\n","protected":false},"excerpt":{"rendered":"<p>MENTIONS LEGALES du site Association d&rsquo;Aide aux Victimes d accidents m\u00e9dicaux Ce site est \u00e9dit\u00e9 par : AVIAM ASSOC AIDE VICTIMES ACTES MED Capital : Adresse : ROUTE DES GORGES 07700 ST MARTIN D ARDECHE FRANCE Adresse \u00e9lectronique : pver@orange.fr T\u00e9l\u00e9phone : 04 75 98 75 04 N\u00b0 Registre du Commerce ou R\u00e9pertoire des m\u00e9tiers<\/p><\/div>\n<div class=\"blog-btn\"><a href=\"https:\/\/www.aviam-paca.org\/index.php\/mention-legales\/\" class=\"home-blog-btn\">Lire la suite<\/a><\/p>\n","protected":false},"author":1,"featured_media":0,"parent":0,"menu_order":0,"comment_status":"closed","ping_status":"closed","template":"","meta":[],"_links":{"self":[{"href":"https:\/\/www.aviam-paca.org\/index.php\/wp-json\/wp\/v2\/pages\/325"}],"collection":[{"href":"https:\/\/www.aviam-paca.org\/index.php\/wp-json\/wp\/v2\/pages"}],"about":[{"href":"https:\/\/www.aviam-paca.org\/index.php\/wp-json\/wp\/v2\/types\/page"}],"author":[{"embeddable":true,"href":"https:\/\/www.aviam-paca.org\/index.php\/wp-json\/wp\/v2\/users\/1"}],"replies":[{"embeddable":true,"href":"https:\/\/www.aviam-paca.org\/index.php\/wp-json\/wp\/v2\/comments?post=325"}],"version-history":[{"count":2,"href":"https:\/\/www.aviam-paca.org\/index.php\/wp-json\/wp\/v2\/pages\/325\/revisions"}],"predecessor-version":[{"id":329,"href":"https:\/\/www.aviam-paca.org\/index.php\/wp-json\/wp\/v2\/pages\/325\/revisions\/329"}],"wp:attachment":[{"href":"https:\/\/www.aviam-paca.org\/index.php\/wp-json\/wp\/v2\/media?parent=325"}],"curies":[{"name":"wp","href":"https:\/\/api.w.org\/{rel}","templated":true}]}}